{"id":618,"date":"2021-01-17T11:54:13","date_gmt":"2021-01-17T10:54:13","guid":{"rendered":"https:\/\/www.senioren-sicherheit-im-internet.de\/?page_id=618"},"modified":"2021-02-03T12:00:44","modified_gmt":"2021-02-03T11:00:44","slug":"2-faktor-authentifizierung","status":"publish","type":"page","link":"https:\/\/www.senioren-sicherheit-im-internet.de\/2-faktor-authentifizierung\/","title":{"rendered":"2-Faktor Authentifizierung"},"content":{"rendered":"\t\t<div data-elementor-type=\"wp-page\" data-elementor-id=\"618\" class=\"elementor elementor-618\" data-elementor-settings=\"[]\">\n\t\t\t\t\t\t<div class=\"elementor-inner\">\n\t\t\t\t\t\t\t<div class=\"elementor-section-wrap\">\n\t\t\t\t\t\t\t<section class=\"elementor-section elementor-top-section elementor-element elementor-element-7968db83 elementor-section-full_width elementor-section-height-min-height elementor-section-height-default elementor-section-items-middle\" data-id=\"7968db83\" data-element_type=\"section\" data-settings=\"{&quot;background_background&quot;:&quot;classic&quot;}\">\n\t\t\t\t\t\t<div class=\"elementor-container elementor-column-gap-default\">\n\t\t\t\t\t\t\t<div class=\"elementor-row\">\n\t\t\t\t\t<div class=\"elementor-column elementor-col-100 elementor-top-column elementor-element elementor-element-63a187b0\" data-id=\"63a187b0\" data-element_type=\"column\">\n\t\t\t<div class=\"elementor-column-wrap elementor-element-populated\">\n\t\t\t\t\t\t\t<div class=\"elementor-widget-wrap\">\n\t\t\t\t\t\t<div class=\"elementor-element elementor-element-1ada6e61 elementor--h-position-center elementor--v-position-middle elementor-arrows-position-inside elementor-pagination-position-inside elementor-widget elementor-widget-slides\" data-id=\"1ada6e61\" data-element_type=\"widget\" data-settings=\"{&quot;navigation&quot;:&quot;both&quot;,&quot;autoplay&quot;:&quot;yes&quot;,&quot;pause_on_hover&quot;:&quot;yes&quot;,&quot;pause_on_interaction&quot;:&quot;yes&quot;,&quot;autoplay_speed&quot;:5000,&quot;infinite&quot;:&quot;yes&quot;,&quot;transition&quot;:&quot;slide&quot;,&quot;transition_speed&quot;:500}\" data-widget_type=\"slides.default\">\n\t\t\t\t<div class=\"elementor-widget-container\">\n\t\t\t\t\t<div class=\"elementor-swiper\">\n\t\t\t<div class=\"elementor-slides-wrapper elementor-main-swiper swiper-container\" dir=\"ltr\" data-animation=\"fadeInUp\">\n\t\t\t\t<div class=\"swiper-wrapper elementor-slides\">\n\t\t\t\t\t\t\t\t\t\t<div class=\"elementor-repeater-item-c027d96 swiper-slide\"><div class=\"swiper-slide-bg\"><\/div><div class=\"elementor-background-overlay\"><\/div><div class=\"swiper-slide-inner\" ><div class=\"swiper-slide-contents\"><div class=\"elementor-slide-heading\">2-Faktor Authentifizierung<\/div><\/div><\/div><\/div>\t\t\t\t<\/div>\n\t\t\t\t\t\t\t<\/div>\n\t\t<\/div>\n\t\t\t\t<\/div>\n\t\t\t\t<\/div>\n\t\t\t\t\t\t<\/div>\n\t\t\t\t\t<\/div>\n\t\t<\/div>\n\t\t\t\t\t\t\t\t<\/div>\n\t\t\t\t\t<\/div>\n\t\t<\/section>\n\t\t\t\t<section class=\"elementor-section elementor-top-section elementor-element elementor-element-f81a636 elementor-section-boxed elementor-section-height-default elementor-section-height-default\" data-id=\"f81a636\" data-element_type=\"section\">\n\t\t\t\t\t\t<div class=\"elementor-container elementor-column-gap-default\">\n\t\t\t\t\t\t\t<div class=\"elementor-row\">\n\t\t\t\t\t<div class=\"elementor-column elementor-col-100 elementor-top-column elementor-element elementor-element-1411840\" data-id=\"1411840\" data-element_type=\"column\">\n\t\t\t<div class=\"elementor-column-wrap elementor-element-populated\">\n\t\t\t\t\t\t\t<div class=\"elementor-widget-wrap\">\n\t\t\t\t\t\t<div class=\"elementor-element elementor-element-cfbbacb elementor-widget elementor-widget-heading\" data-id=\"cfbbacb\" data-element_type=\"widget\" data-widget_type=\"heading.default\">\n\t\t\t\t<div class=\"elementor-widget-container\">\n\t\t\t<h1 class=\"elementor-heading-title elementor-size-default\">Zwei-Faktor-Authentifizierung - der Zusatzschutz<\/h1>\t\t<\/div>\n\t\t\t\t<\/div>\n\t\t\t\t<div class=\"elementor-element elementor-element-19a3739 elementor-widget elementor-widget-text-editor\" data-id=\"19a3739\" data-element_type=\"widget\" data-widget_type=\"text-editor.default\">\n\t\t\t\t<div class=\"elementor-widget-container\">\n\t\t\t\t\t\t\t\t<div class=\"elementor-text-editor elementor-clearfix\">\n\t\t\t\t<p><b>Zahlreiche Online-Dienste bieten ein Verfahren an, mit dem Sie sich beim Einloggen erg\u00e4nzend zur Passworteingabe identifizieren k\u00f6nnen. Dieses System nennt sich \u201eZwei-Faktor-Authentifizierung\u201c. Was es damit auf sich hat und warum Sie dieses Verfahren unbedingt nutzen sollten, erfahren Sie hier.<\/b><\/p>\t\t\t\t\t<\/div>\n\t\t\t\t\t\t<\/div>\n\t\t\t\t<\/div>\n\t\t\t\t<div class=\"elementor-element elementor-element-0ed4afa elementor-widget elementor-widget-heading\" data-id=\"0ed4afa\" data-element_type=\"widget\" data-widget_type=\"heading.default\">\n\t\t\t\t<div class=\"elementor-widget-container\">\n\t\t\t<h1 class=\"elementor-heading-title elementor-size-default\">Was ist eine Zwei-Faktor-Authentifizierung?<\/h1>\t\t<\/div>\n\t\t\t\t<\/div>\n\t\t\t\t<div class=\"elementor-element elementor-element-68e4b05 elementor-widget elementor-widget-text-editor\" data-id=\"68e4b05\" data-element_type=\"widget\" data-widget_type=\"text-editor.default\">\n\t\t\t\t<div class=\"elementor-widget-container\">\n\t\t\t\t\t\t\t\t<div class=\"elementor-text-editor elementor-clearfix\">\n\t\t\t\t<p>Zwei-Faktor-Authentifizierung bedeutet, dass Sie Ihre Identit\u00e4t mit zwei voneinander unabh\u00e4ngigen Faktoren nachweisen. Dadurch wird ein Betrug erschwert.<\/p><p>Als \u201eFaktoren\u201c gelten:<\/p><ol><li><strong>Gegenst\u00e4nde (Besitz):<\/strong> Dazu z\u00e4hlen zum Beispiel eine Bankkarte, ein Schl\u00fcssel oder eine App, die Einmalkennw\u00f6rter erzeugt.<\/li><li><strong>Wissen<\/strong>: Dabei kann es sich um ein Passwort, ein Einmalkennwort, eine PIN oder eine Transaktionsnummer (TAN) handeln. Diese Informationen haben im Idealfall nur Sie selbst.<\/li><li><strong>Biometrische Eigenschaften<\/strong>: Darunter fallen unter anderem Ihr Fingerabdruck, das Muster Ihrer Regenbogenhaut (Iris-Erkennung) oder Ihre Stimme.<\/li><\/ol>\t\t\t\t\t<\/div>\n\t\t\t\t\t\t<\/div>\n\t\t\t\t<\/div>\n\t\t\t\t<div class=\"elementor-element elementor-element-ee0de64 elementor-widget elementor-widget-heading\" data-id=\"ee0de64\" data-element_type=\"widget\" data-widget_type=\"heading.default\">\n\t\t\t\t<div class=\"elementor-widget-container\">\n\t\t\t<h2 class=\"elementor-heading-title elementor-size-default\">Beispiele f\u00fcr eine Zwei-Faktor-Authentifizierung<\/h2>\t\t<\/div>\n\t\t\t\t<\/div>\n\t\t\t\t<div class=\"elementor-element elementor-element-3692f05 elementor-widget elementor-widget-text-editor\" data-id=\"3692f05\" data-element_type=\"widget\" data-widget_type=\"text-editor.default\">\n\t\t\t\t<div class=\"elementor-widget-container\">\n\t\t\t\t\t\t\t\t<div class=\"elementor-text-editor elementor-clearfix\">\n\t\t\t\t<p>Vermutlich nutzen Sie dieses System bereits im Alltag.<\/p>\t\t\t\t\t<\/div>\n\t\t\t\t\t\t<\/div>\n\t\t\t\t<\/div>\n\t\t\t\t<section class=\"elementor-section elementor-inner-section elementor-element elementor-element-0b24385 elementor-section-boxed elementor-section-height-default elementor-section-height-default\" data-id=\"0b24385\" data-element_type=\"section\">\n\t\t\t\t\t\t<div class=\"elementor-container elementor-column-gap-default\">\n\t\t\t\t\t\t\t<div class=\"elementor-row\">\n\t\t\t\t\t<div class=\"elementor-column elementor-col-50 elementor-inner-column elementor-element elementor-element-b87a39b\" data-id=\"b87a39b\" data-element_type=\"column\">\n\t\t\t<div class=\"elementor-column-wrap elementor-element-populated\">\n\t\t\t\t\t\t\t<div class=\"elementor-widget-wrap\">\n\t\t\t\t\t\t<div class=\"elementor-element elementor-element-c27a718 elementor-widget elementor-widget-heading\" data-id=\"c27a718\" data-element_type=\"widget\" data-widget_type=\"heading.default\">\n\t\t\t\t<div class=\"elementor-widget-container\">\n\t\t\t<h2 class=\"elementor-heading-title elementor-size-default\">EC-Karte<\/h2>\t\t<\/div>\n\t\t\t\t<\/div>\n\t\t\t\t<div class=\"elementor-element elementor-element-5475e48 elementor-widget elementor-widget-text-editor\" data-id=\"5475e48\" data-element_type=\"widget\" data-widget_type=\"text-editor.default\">\n\t\t\t\t<div class=\"elementor-widget-container\">\n\t\t\t\t\t\t\t\t<div class=\"elementor-text-editor elementor-clearfix\">\n\t\t\t\t<p>Sie legitimieren sich beispielsweise mit einer Zwei-Faktor-Authentifizierung, wenn Sie mit Ihrer Bankkarte im Supermarkt bezahlen oder Geld am Automaten abheben. Daf\u00fcr ben\u00f6tigen Sie zum einen Ihre EC-Karte (Faktor 1) und zum anderen Ihre PIN (Faktor 2). Die beiden Komponenten stammen aus verschiedenen Bereichen: Die EC-Karte liegt als Gegenstand vor (Besitz). Die PIN kennen nur Sie (Wissen).<\/p><p>Darum ist es wichtig, dass Sie Ihre Geheimnummer <em>nicht<\/em> notieren und im Portemonnaie mitf\u00fchren. Falls Ihre Geldb\u00f6rse gestohlen wird, haben Kriminelle sonst Zugriff auf Ihr Konto.<\/p>\t\t\t\t\t<\/div>\n\t\t\t\t\t\t<\/div>\n\t\t\t\t<\/div>\n\t\t\t\t\t\t<\/div>\n\t\t\t\t\t<\/div>\n\t\t<\/div>\n\t\t\t\t<div class=\"elementor-column elementor-col-50 elementor-inner-column elementor-element elementor-element-97fcbbd\" data-id=\"97fcbbd\" data-element_type=\"column\">\n\t\t\t<div class=\"elementor-column-wrap elementor-element-populated\">\n\t\t\t\t\t\t\t<div class=\"elementor-widget-wrap\">\n\t\t\t\t\t\t<div class=\"elementor-element elementor-element-d535ce3 elementor-widget elementor-widget-heading\" data-id=\"d535ce3\" data-element_type=\"widget\" data-widget_type=\"heading.default\">\n\t\t\t\t<div class=\"elementor-widget-container\">\n\t\t\t<h2 class=\"elementor-heading-title elementor-size-default\">TAN\/OTP-Systeme<\/h2>\t\t<\/div>\n\t\t\t\t<\/div>\n\t\t\t\t<div class=\"elementor-element elementor-element-7095421 elementor-widget elementor-widget-text-editor\" data-id=\"7095421\" data-element_type=\"widget\" data-widget_type=\"text-editor.default\">\n\t\t\t\t<div class=\"elementor-widget-container\">\n\t\t\t\t\t\t\t\t<div class=\"elementor-text-editor elementor-clearfix\">\n\t\t\t\t<p>Beim Online-Banking ist eine Zwei-Faktor-Authentifizierung ebenfalls Standard. Wenn Sie am Rechner in Ihrer Banksoftware einen \u00dcberweisungstr\u00e4ger ausf\u00fcllen, brauchen Sie eine TAN (Transaktionsnummer). Sonst l\u00e4sst sich der Geldbetrag nicht transferieren.<\/p><p>In der Vergangenheit bekamen Bankkunden TAN auf Papier (iTAN). Sie suchten sich eine TAN aus dieser Liste aus, um einen Vorgang zu t\u00e4tigen. Das gilt inzwischen als nicht mehr sicher genug.<\/p><p>Darum werden TAN inzwischen mit Hilfe eines Ger\u00e4tes oder mit Hilfe einer Software erzeugt. Diese Verfahren nennen sich beispielsweise eTAN, mTAN, chipTAN oder BestSign. Die TAN gilt nur einmal f\u00fcr einen spezifischen Vorgang. Darum nennt sich dieses System auch OTP. Die Abk\u00fcrzung steht f\u00fcr \u201eOne-Time Password\u201c (Deutsch: \u201eEinmalpasswort\u201c).<\/p>\t\t\t\t\t<\/div>\n\t\t\t\t\t\t<\/div>\n\t\t\t\t<\/div>\n\t\t\t\t\t\t<\/div>\n\t\t\t\t\t<\/div>\n\t\t<\/div>\n\t\t\t\t\t\t\t\t<\/div>\n\t\t\t\t\t<\/div>\n\t\t<\/section>\n\t\t\t\t<div class=\"elementor-element elementor-element-cfda234 elementor-widget elementor-widget-heading\" data-id=\"cfda234\" data-element_type=\"widget\" data-widget_type=\"heading.default\">\n\t\t\t\t<div class=\"elementor-widget-container\">\n\t\t\t<h2 class=\"elementor-heading-title elementor-size-default\">Warum gilt die Zwei-Faktor-Authentifizierung als sicheres Verfahren?<\/h2>\t\t<\/div>\n\t\t\t\t<\/div>\n\t\t\t\t<div class=\"elementor-element elementor-element-47e94b8 elementor-widget elementor-widget-text-editor\" data-id=\"47e94b8\" data-element_type=\"widget\" data-widget_type=\"text-editor.default\">\n\t\t\t\t<div class=\"elementor-widget-container\">\n\t\t\t\t\t\t\t\t<div class=\"elementor-text-editor elementor-clearfix\">\n\t\t\t\t<p>Eine Zwei-Faktor-Authentifizierung ist sicherer als ein einfaches Passwort. Selbst wenn es Cyber-Kriminellen gelingt, Ihr Passwort in Erfahrung zu bringen: Die zweite Komponente besitzen die Betr\u00fcger in der Regel nicht.<\/p><p>Onlineshops und Online Dienste greifen aus Sicherheitsgr\u00fcnden zunehmend auf mehrstufige Identit\u00e4tspr\u00fcfungen zur\u00fcck. Beispielsweise geben Sie bei der Anmeldung Ihre E-Mail-Adresse und Ihr Passwort ein. Dann erhalten Sie zus\u00e4tzlich einen Best\u00e4tigungscode auf Ihr Smartphone. Diesen m\u00fcssen Sie am Rechner eintippen. Erst wenn Sie damit Ihre Identit\u00e4t auf diese Weise best\u00e4tigt haben, k\u00f6nnen Sie im Shop einkaufen, Daten ver\u00e4ndern oder den Online Dienst nutzen.<\/p><p>Dieser zus\u00e4tzliche Schritt kostet Sie kaum Zeit, erh\u00f6ht Ihre Sicherheit aber betr\u00e4chtlich.<\/p>\t\t\t\t\t<\/div>\n\t\t\t\t\t\t<\/div>\n\t\t\t\t<\/div>\n\t\t\t\t<div class=\"elementor-element elementor-element-c287218 elementor-widget elementor-widget-heading\" data-id=\"c287218\" data-element_type=\"widget\" data-widget_type=\"heading.default\">\n\t\t\t\t<div class=\"elementor-widget-container\">\n\t\t\t<h2 class=\"elementor-heading-title elementor-size-default\">3 Tipps zur Zwei-Faktor-Authentifizierung\u200b<\/h2>\t\t<\/div>\n\t\t\t\t<\/div>\n\t\t\t\t<section class=\"elementor-section elementor-inner-section elementor-element elementor-element-3ef4b93 elementor-section-boxed elementor-section-height-default elementor-section-height-default\" data-id=\"3ef4b93\" data-element_type=\"section\">\n\t\t\t\t\t\t<div class=\"elementor-container elementor-column-gap-default\">\n\t\t\t\t\t\t\t<div class=\"elementor-row\">\n\t\t\t\t\t<div class=\"elementor-column elementor-col-50 elementor-inner-column elementor-element elementor-element-b1eb96d\" data-id=\"b1eb96d\" data-element_type=\"column\">\n\t\t\t<div class=\"elementor-column-wrap elementor-element-populated\">\n\t\t\t\t\t\t\t<div class=\"elementor-widget-wrap\">\n\t\t\t\t\t\t<div class=\"elementor-element elementor-element-ebe2b8b elementor-widget elementor-widget-image\" data-id=\"ebe2b8b\" data-element_type=\"widget\" data-widget_type=\"image.default\">\n\t\t\t\t<div class=\"elementor-widget-container\">\n\t\t\t\t\t\t\t\t<div class=\"elementor-image\">\n\t\t\t\t\t\t\t\t\t\t\t\t<img width=\"800\" height=\"509\" src=\"https:\/\/www.senioren-sicherheit-im-internet.de\/wp-content\/uploads\/2021\/01\/2-Faktor-Authentifizierung-shutterstock_641960737.jpg\" class=\"attachment-large size-large\" alt=\"\" loading=\"lazy\" srcset=\"https:\/\/www.senioren-sicherheit-im-internet.de\/wp-content\/uploads\/2021\/01\/2-Faktor-Authentifizierung-shutterstock_641960737.jpg 800w, https:\/\/www.senioren-sicherheit-im-internet.de\/wp-content\/uploads\/2021\/01\/2-Faktor-Authentifizierung-shutterstock_641960737-300x191.jpg 300w, https:\/\/www.senioren-sicherheit-im-internet.de\/wp-content\/uploads\/2021\/01\/2-Faktor-Authentifizierung-shutterstock_641960737-768x489.jpg 768w\" sizes=\"(max-width: 800px) 100vw, 800px\" \/>\t\t\t\t\t\t\t\t\t\t\t\t\t\t<\/div>\n\t\t\t\t\t\t<\/div>\n\t\t\t\t<\/div>\n\t\t\t\t\t\t<\/div>\n\t\t\t\t\t<\/div>\n\t\t<\/div>\n\t\t\t\t<div class=\"elementor-column elementor-col-50 elementor-inner-column elementor-element elementor-element-ef701cc\" data-id=\"ef701cc\" data-element_type=\"column\">\n\t\t\t<div class=\"elementor-column-wrap elementor-element-populated\">\n\t\t\t\t\t\t\t<div class=\"elementor-widget-wrap\">\n\t\t\t\t\t\t<div class=\"elementor-element elementor-element-f7220e1 elementor-widget elementor-widget-text-editor\" data-id=\"f7220e1\" data-element_type=\"widget\" data-widget_type=\"text-editor.default\">\n\t\t\t\t<div class=\"elementor-widget-container\">\n\t\t\t\t\t\t\t\t<div class=\"elementor-text-editor elementor-clearfix\">\n\t\t\t\t<ol><li>Nutzen Sie die Zwei-Faktor-Authentifizierung auf jeden Fall, wenn ein Onlineshop oder Online Dienst diese anbietet.<br \/><br \/><\/li><li>Manchmal ist diese M\u00f6glichkeit deaktiviert, obwohl der Online Dienst sie prinzipiell anbietet. Pr\u00fcfen Sie, ob sich die Zwei-Faktor-Authentifizierung aktivieren l\u00e4sst.<br \/><br \/><\/li><li>Falls Sie Ihren besitzbasierten Faktor \u2013 zum Beispiel Ihr Smartphone \u2013 verlieren, k\u00f6nnen Sie sich nicht mehr anmelden. Hinterlegen Sie darum mehrere dieser \u201ezweiten Faktoren\u201c. Das kann eine zweite TAN-App oder eine zweite Handynummer sein.<\/li><\/ol>\t\t\t\t\t<\/div>\n\t\t\t\t\t\t<\/div>\n\t\t\t\t<\/div>\n\t\t\t\t\t\t<\/div>\n\t\t\t\t\t<\/div>\n\t\t<\/div>\n\t\t\t\t\t\t\t\t<\/div>\n\t\t\t\t\t<\/div>\n\t\t<\/section>\n\t\t\t\t<div class=\"elementor-element elementor-element-ea7c4e8 elementor-widget elementor-widget-text-editor\" data-id=\"ea7c4e8\" data-element_type=\"widget\" data-widget_type=\"text-editor.default\">\n\t\t\t\t<div class=\"elementor-widget-container\">\n\t\t\t\t\t\t\t\t<div class=\"elementor-text-editor elementor-clearfix\">\n\t\t\t\t\t\t\t\t\t<\/div>\n\t\t\t\t\t\t<\/div>\n\t\t\t\t<\/div>\n\t\t\t\t\t\t<\/div>\n\t\t\t\t\t<\/div>\n\t\t<\/div>\n\t\t\t\t\t\t\t\t<\/div>\n\t\t\t\t\t<\/div>\n\t\t<\/section>\n\t\t\t\t<section class=\"elementor-section elementor-top-section elementor-element elementor-element-3ee507d elementor-section-boxed elementor-section-height-default elementor-section-height-default\" data-id=\"3ee507d\" data-element_type=\"section\">\n\t\t\t\t\t\t<div class=\"elementor-container elementor-column-gap-default\">\n\t\t\t\t\t\t\t<div class=\"elementor-row\">\n\t\t\t\t\t<div class=\"elementor-column elementor-col-100 elementor-top-column elementor-element elementor-element-1d25b8f\" data-id=\"1d25b8f\" data-element_type=\"column\">\n\t\t\t<div class=\"elementor-column-wrap elementor-element-populated\">\n\t\t\t\t\t\t\t<div class=\"elementor-widget-wrap\">\n\t\t\t\t\t\t<div class=\"elementor-element elementor-element-4fe2306 elementor-widget elementor-widget-heading\" data-id=\"4fe2306\" data-element_type=\"widget\" data-widget_type=\"heading.default\">\n\t\t\t\t<div class=\"elementor-widget-container\">\n\t\t\t<h2 class=\"elementor-heading-title elementor-size-default\">Fazit<\/h2>\t\t<\/div>\n\t\t\t\t<\/div>\n\t\t\t\t<div class=\"elementor-element elementor-element-fa1f486 elementor-widget elementor-widget-text-editor\" data-id=\"fa1f486\" data-element_type=\"widget\" data-widget_type=\"text-editor.default\">\n\t\t\t\t<div class=\"elementor-widget-container\">\n\t\t\t\t\t\t\t\t<div class=\"elementor-text-editor elementor-clearfix\">\n\t\t\t\t<p>Es lohnt sich, die Zwei-Faktor-Authentifizierung zu nutzen: Sie verl\u00e4ngert zwar den Anmeldeprozess. Daf\u00fcr sind Sie online deutlich sicherer unterwegs. Cyberkriminelle haben es viel schwerer, sich Zugriff zu Ihren Konten zu verschaffen. Darum lohnt sich der geringf\u00fcgige Aufwand auf jeden Fall.<\/p>\t\t\t\t\t<\/div>\n\t\t\t\t\t\t<\/div>\n\t\t\t\t<\/div>\n\t\t\t\t\t\t<\/div>\n\t\t\t\t\t<\/div>\n\t\t<\/div>\n\t\t\t\t\t\t\t\t<\/div>\n\t\t\t\t\t<\/div>\n\t\t<\/section>\n\t\t\t\t\t\t<\/div>\n\t\t\t\t\t\t<\/div>\n\t\t\t\t\t<\/div>\n\t\t","protected":false},"excerpt":{"rendered":"<p>2-Faktor Authentifizierung Zwei-Faktor-Authentifizierung &#8211; der Zusatzschutz Zahlreiche Online-Dienste bieten ein Verfahren an, mit dem Sie sich beim Einloggen erg\u00e4nzend zur Passworteingabe identifizieren k\u00f6nnen. Dieses System nennt sich \u201eZwei-Faktor-Authentifizierung\u201c. Was es damit auf sich hat und warum Sie dieses Verfahren unbedingt nutzen sollten, erfahren Sie hier. Was ist eine Zwei-Faktor-Authentifizierung? Zwei-Faktor-Authentifizierung bedeutet, dass Sie Ihre Identit\u00e4t [&hellip;]<\/p>\n","protected":false},"author":1,"featured_media":0,"parent":0,"menu_order":0,"comment_status":"closed","ping_status":"closed","template":"elementor_header_footer","meta":[],"_links":{"self":[{"href":"https:\/\/www.senioren-sicherheit-im-internet.de\/wp-json\/wp\/v2\/pages\/618"}],"collection":[{"href":"https:\/\/www.senioren-sicherheit-im-internet.de\/wp-json\/wp\/v2\/pages"}],"about":[{"href":"https:\/\/www.senioren-sicherheit-im-internet.de\/wp-json\/wp\/v2\/types\/page"}],"author":[{"embeddable":true,"href":"https:\/\/www.senioren-sicherheit-im-internet.de\/wp-json\/wp\/v2\/users\/1"}],"replies":[{"embeddable":true,"href":"https:\/\/www.senioren-sicherheit-im-internet.de\/wp-json\/wp\/v2\/comments?post=618"}],"version-history":[{"count":69,"href":"https:\/\/www.senioren-sicherheit-im-internet.de\/wp-json\/wp\/v2\/pages\/618\/revisions"}],"predecessor-version":[{"id":2383,"href":"https:\/\/www.senioren-sicherheit-im-internet.de\/wp-json\/wp\/v2\/pages\/618\/revisions\/2383"}],"wp:attachment":[{"href":"https:\/\/www.senioren-sicherheit-im-internet.de\/wp-json\/wp\/v2\/media?parent=618"}],"curies":[{"name":"wp","href":"https:\/\/api.w.org\/{rel}","templated":true}]}}